{"id":167,"date":"2016-03-28T21:00:30","date_gmt":"2016-03-28T14:00:30","guid":{"rendered":"https:\/\/www.vietanalytics.com\/?page_id=167"},"modified":"2025-09-29T14:19:47","modified_gmt":"2025-09-29T14:19:47","slug":"contact","status":"publish","type":"page","link":"https:\/\/tiendathoang.com\/vietanalytics\/contact\/","title":{"rendered":"Li\u00ean h\u1ec7"},"content":{"rendered":"<p>Xin ch\u00e0o b\u1ea1n!<\/p>\n<p>Nh\u00f3m qu\u1ea3n l\u00fd v\u00e0 ph\u00e1t tri\u1ec3n VietAnalytics r\u1ea5t vui l\u00f2ng v\u00e0 \u0111\u00e1nh gi\u00e1 cao v\u1edbi nh\u1eefng ph\u1ea3n h\u1ed3i, \u00fd ki\u1ebfn \u0111\u00f3ng g\u00f3p c\u1ee7a b\u1ea1n. Tuy nhi\u00ean, site kh\u00f4ng c\u00f2n duy tr\u00ec v\u00e0 ph\u00e1t tri\u00ean. <\/p>\n<p>N\u1ebfu b\u1ea1n c\u00f3 mu\u1ed1n chia s\u1ebb v\u1ec1 Analytics ho\u1eb7c c\u00f3 nhu c\u1ea7u li\u00ean l\u1ea1c v\u1edbi VietAnalytics, xin vui l\u00f2ng g\u1eedi email t\u1edbi vietanalytics[at]tiendathoang.com<\/p>\n<p>VietAnayltics s\u1ebd li\u00ean l\u1ea1c l\u1ea1i v\u1edbi b\u1ea1n trong th\u1eddi gian s\u1edbm nh\u1ea5t.<\/p>\n<p>Ch\u00fac b\u1ea1n c\u00f3 m\u1ed9t ng\u00e0y vui v\u1ebb!<\/p>\n","protected":false},"excerpt":{"rendered":"<p>Xin ch\u00e0o b\u1ea1n! Nh\u00f3m qu\u1ea3n l\u00fd v\u00e0 ph\u00e1t tri\u1ec3n VietAnalytics r\u1ea5t vui l\u00f2ng v\u00e0 \u0111\u00e1nh gi\u00e1 cao v\u1edbi nh\u1eefng ph\u1ea3n h\u1ed3i, \u00fd ki\u1ebfn \u0111\u00f3ng g\u00f3p c\u1ee7a b\u1ea1n. Tuy nhi\u00ean, site kh\u00f4ng c\u00f2n duy tr\u00ec v\u00e0 ph\u00e1t tri\u00ean. N\u1ebfu b\u1ea1n c\u00f3&hellip; <a href=\"https:\/\/tiendathoang.com\/vietanalytics\/contact\/\" class=\"more-link\">Continue Reading <span class=\"meta-nav\">&rarr;<\/span><\/a><\/p>\n","protected":false},"author":4,"featured_media":0,"parent":0,"menu_order":0,"comment_status":"closed","ping_status":"closed","template":"","meta":{"footnotes":""},"class_list":["post-167","page","type-page","status-publish","hentry"],"_links":{"self":[{"href":"https:\/\/tiendathoang.com\/vietanalytics\/wp-json\/wp\/v2\/pages\/167","targetHints":{"allow":["GET"]}}],"collection":[{"href":"https:\/\/tiendathoang.com\/vietanalytics\/wp-json\/wp\/v2\/pages"}],"about":[{"href":"https:\/\/tiendathoang.com\/vietanalytics\/wp-json\/wp\/v2\/types\/page"}],"author":[{"embeddable":true,"href":"https:\/\/tiendathoang.com\/vietanalytics\/wp-json\/wp\/v2\/users\/4"}],"replies":[{"embeddable":true,"href":"https:\/\/tiendathoang.com\/vietanalytics\/wp-json\/wp\/v2\/comments?post=167"}],"version-history":[{"count":2,"href":"https:\/\/tiendathoang.com\/vietanalytics\/wp-json\/wp\/v2\/pages\/167\/revisions"}],"predecessor-version":[{"id":236,"href":"https:\/\/tiendathoang.com\/vietanalytics\/wp-json\/wp\/v2\/pages\/167\/revisions\/236"}],"wp:attachment":[{"href":"https:\/\/tiendathoang.com\/vietanalytics\/wp-json\/wp\/v2\/media?parent=167"}],"curies":[{"name":"wp","href":"https:\/\/api.w.org\/{rel}","templated":true}]}}